{"id":45587,"date":"2024-09-19T12:38:09","date_gmt":"2024-09-19T10:38:09","guid":{"rendered":"https:\/\/hybridsoftware.com\/startseite\/"},"modified":"2026-03-24T15:48:31","modified_gmt":"2026-03-24T14:48:31","slug":"startseite","status":"publish","type":"page","link":"https:\/\/hybridsoftware.com\/de\/","title":{"rendered":"Startseite"},"content":{"rendered":"","protected":false},"excerpt":{"rendered":"","protected":false},"author":2,"featured_media":50107,"parent":0,"menu_order":104,"comment_status":"closed","ping_status":"closed","template":"","meta":{"_acf_changed":false,"_seopress_robots_primary_cat":"","_seopress_titles_title":"Innovative Workflow-L\u00f6sungen f\u00fcr die Druckindustrie %%sep%% %%sitetitle%%","_seopress_titles_desc":"Entdecken Sie HYBRID Software - den Weltmarktf\u00fchrer f\u00fcr Workflow-L\u00f6sungen in der Druckvorstufe f\u00fcr Verpackungen, Etiketten und Digitaldruck. Intelligente Software f\u00fcr eine effiziente Druckproduktion. ","_seopress_robots_index":"","footnotes":""},"class_list":["post-45587","page","type-page","status-publish","has-post-thumbnail","hentry"],"acf":[],"_links":{"self":[{"href":"https:\/\/hybridsoftware.com\/de\/wp-json\/wp\/v2\/pages\/45587","targetHints":{"allow":["GET"]}}],"collection":[{"href":"https:\/\/hybridsoftware.com\/de\/wp-json\/wp\/v2\/pages"}],"about":[{"href":"https:\/\/hybridsoftware.com\/de\/wp-json\/wp\/v2\/types\/page"}],"author":[{"embeddable":true,"href":"https:\/\/hybridsoftware.com\/de\/wp-json\/wp\/v2\/users\/2"}],"replies":[{"embeddable":true,"href":"https:\/\/hybridsoftware.com\/de\/wp-json\/wp\/v2\/comments?post=45587"}],"version-history":[{"count":2,"href":"https:\/\/hybridsoftware.com\/de\/wp-json\/wp\/v2\/pages\/45587\/revisions"}],"predecessor-version":[{"id":55383,"href":"https:\/\/hybridsoftware.com\/de\/wp-json\/wp\/v2\/pages\/45587\/revisions\/55383"}],"wp:featuredmedia":[{"embeddable":true,"href":"https:\/\/hybridsoftware.com\/de\/wp-json\/wp\/v2\/media\/50107"}],"wp:attachment":[{"href":"https:\/\/hybridsoftware.com\/de\/wp-json\/wp\/v2\/media?parent=45587"}],"curies":[{"name":"wp","href":"https:\/\/api.w.org\/{rel}","templated":true}]}}