{"id":45586,"date":"2024-09-18T17:36:11","date_gmt":"2024-09-18T15:36:11","guid":{"rendered":"https:\/\/hybridsoftware.com\/oems-und-isvs-in-der-druckindustrie\/"},"modified":"2025-11-05T13:41:14","modified_gmt":"2025-11-05T12:41:14","slug":"druck-oems-und-softwareanbieter","status":"publish","type":"page","link":"https:\/\/hybridsoftware.com\/de\/druck-oems-und-softwareanbieter\/","title":{"rendered":"Druck-OEMs und Softwareanbieter"},"content":{"rendered":"","protected":false},"excerpt":{"rendered":"","protected":false},"author":2,"featured_media":0,"parent":0,"menu_order":8,"comment_status":"closed","ping_status":"closed","template":"","meta":{"_acf_changed":false,"_seopress_robots_primary_cat":"","_seopress_titles_title":"Softwarel\u00f6sungen f\u00fcr Druck-OEMs und Softwareanbieter - F\u00f6rderung der Innovation im industriellen Druck","_seopress_titles_desc":"Entdecken Sie die fortschrittlichen L\u00f6sungen von Hybrid Software, die auf Originalhersteller (OEMs) und unabh\u00e4ngige Softwareanbieter (ISVs) zugeschnitten sind, darunter SmartDFE\u2122, ein umfassendes Digital Front End f\u00fcr Hochgeschwindigkeits-Tintenstrahldruckmaschinen mit nur einem Durchgang, sowie eine Reihe von SDKs zur Verbesserung und Rationalisierung von Arbeitsabl\u00e4ufen im industriellen Druck.","_seopress_robots_index":"","footnotes":""},"class_list":["post-45586","page","type-page","status-publish","hentry"],"acf":[],"_links":{"self":[{"href":"https:\/\/hybridsoftware.com\/de\/wp-json\/wp\/v2\/pages\/45586","targetHints":{"allow":["GET"]}}],"collection":[{"href":"https:\/\/hybridsoftware.com\/de\/wp-json\/wp\/v2\/pages"}],"about":[{"href":"https:\/\/hybridsoftware.com\/de\/wp-json\/wp\/v2\/types\/page"}],"author":[{"embeddable":true,"href":"https:\/\/hybridsoftware.com\/de\/wp-json\/wp\/v2\/users\/2"}],"replies":[{"embeddable":true,"href":"https:\/\/hybridsoftware.com\/de\/wp-json\/wp\/v2\/comments?post=45586"}],"version-history":[{"count":1,"href":"https:\/\/hybridsoftware.com\/de\/wp-json\/wp\/v2\/pages\/45586\/revisions"}],"predecessor-version":[{"id":55523,"href":"https:\/\/hybridsoftware.com\/de\/wp-json\/wp\/v2\/pages\/45586\/revisions\/55523"}],"wp:attachment":[{"href":"https:\/\/hybridsoftware.com\/de\/wp-json\/wp\/v2\/media?parent=45586"}],"curies":[{"name":"wp","href":"https:\/\/api.w.org\/{rel}","templated":true}]}}