{"id":45584,"date":"2025-01-08T14:56:49","date_gmt":"2025-01-08T13:56:49","guid":{"rendered":"https:\/\/hybridsoftware.com\/schneller-am-markt-mit-ihrer-druckmaschine\/"},"modified":"2026-02-24T10:29:09","modified_gmt":"2026-02-24T09:29:09","slug":"bringen-sie-ihre-produkte-schneller-auf-den-markt","status":"publish","type":"page","link":"https:\/\/hybridsoftware.com\/de\/bringen-sie-ihre-produkte-schneller-auf-den-markt\/","title":{"rendered":"Bringen Sie Ihre Produkte schneller auf den Markt"},"content":{"rendered":"","protected":false},"excerpt":{"rendered":"","protected":false},"author":2,"featured_media":0,"parent":0,"menu_order":126,"comment_status":"closed","ping_status":"closed","template":"","meta":{"_acf_changed":false,"_seopress_robots_primary_cat":"","_seopress_titles_title":"Beschleunigen Sie die Markteinf\u00fchrung Ihrer Druckerzeugnisse. %%sep%% %%sitetitle%%","_seopress_titles_desc":"Entdecken Sie, wie die innovativen Tools von HYBRID Software Ihre Vorstufen- und Druck-Workflows optimieren, die Markteinf\u00fchrungszeit verk\u00fcrzen und die Produktionseffizienz steigern k\u00f6nnen.","_seopress_robots_index":"","footnotes":""},"class_list":["post-45584","page","type-page","status-publish","hentry"],"acf":[],"_links":{"self":[{"href":"https:\/\/hybridsoftware.com\/de\/wp-json\/wp\/v2\/pages\/45584","targetHints":{"allow":["GET"]}}],"collection":[{"href":"https:\/\/hybridsoftware.com\/de\/wp-json\/wp\/v2\/pages"}],"about":[{"href":"https:\/\/hybridsoftware.com\/de\/wp-json\/wp\/v2\/types\/page"}],"author":[{"embeddable":true,"href":"https:\/\/hybridsoftware.com\/de\/wp-json\/wp\/v2\/users\/2"}],"replies":[{"embeddable":true,"href":"https:\/\/hybridsoftware.com\/de\/wp-json\/wp\/v2\/comments?post=45584"}],"version-history":[{"count":2,"href":"https:\/\/hybridsoftware.com\/de\/wp-json\/wp\/v2\/pages\/45584\/revisions"}],"predecessor-version":[{"id":55768,"href":"https:\/\/hybridsoftware.com\/de\/wp-json\/wp\/v2\/pages\/45584\/revisions\/55768"}],"wp:attachment":[{"href":"https:\/\/hybridsoftware.com\/de\/wp-json\/wp\/v2\/media?parent=45584"}],"curies":[{"name":"wp","href":"https:\/\/api.w.org\/{rel}","templated":true}]}}